{"id":193,"date":"2022-03-30T13:07:43","date_gmt":"2022-03-30T11:07:43","guid":{"rendered":"https:\/\/www.ferme-de-monseignon.com\/?page_id=193"},"modified":"2023-02-17T09:43:44","modified_gmt":"2023-02-17T08:43:44","slug":"legal-information","status":"publish","type":"page","link":"https:\/\/www.ferme-de-monseignon.com\/en\/mentions-legales\/","title":{"rendered":"Legal information"},"content":{"rendered":"\t\t<div data-elementor-type=\"wp-page\" data-elementor-id=\"193\" class=\"elementor elementor-193\" data-elementor-post-type=\"page\">\n\t\t\t\t\t\t<section class=\"elementor-section elementor-top-section elementor-element elementor-element-1170cdb elementor-section-height-min-height elementor-section-full_width elementor-section-height-default elementor-section-items-middle\" data-id=\"1170cdb\" data-element_type=\"section\" data-e-type=\"section\" data-settings=\"{&quot;background_background&quot;:&quot;classic&quot;}\">\n\t\t\t\t\t\t\t<div class=\"elementor-background-overlay\"><\/div>\n\t\t\t\t\t\t\t<div class=\"elementor-container elementor-column-gap-default\">\n\t\t\t\t\t<div class=\"elementor-column elementor-col-100 elementor-top-column elementor-element elementor-element-cb72022\" data-id=\"cb72022\" data-element_type=\"column\" data-e-type=\"column\">\n\t\t\t<div class=\"elementor-widget-wrap elementor-element-populated\">\n\t\t\t\t\t\t<section class=\"elementor-section elementor-inner-section elementor-element elementor-element-55756d1 elementor-section-full_width elementor-section-height-default elementor-section-height-default\" data-id=\"55756d1\" data-element_type=\"section\" data-e-type=\"section\">\n\t\t\t\t\t\t<div class=\"elementor-container elementor-column-gap-default\">\n\t\t\t\t\t<div class=\"elementor-column elementor-col-100 elementor-inner-column elementor-element elementor-element-5dbf098\" data-id=\"5dbf098\" data-element_type=\"column\" data-e-type=\"column\">\n\t\t\t<div class=\"elementor-widget-wrap elementor-element-populated\">\n\t\t\t\t\t\t<div class=\"elementor-element elementor-element-9663dd3 elementor-widget elementor-widget-heading\" data-id=\"9663dd3\" data-element_type=\"widget\" data-e-type=\"widget\" data-widget_type=\"heading.default\">\n\t\t\t\t<div class=\"elementor-widget-container\">\n\t\t\t\t\t<h1 class=\"elementor-heading-title elementor-size-default\">Mentions l\u00e9gales<\/h1>\t\t\t\t<\/div>\n\t\t\t\t<\/div>\n\t\t\t\t\t<\/div>\n\t\t<\/div>\n\t\t\t\t\t<\/div>\n\t\t<\/section>\n\t\t\t\t\t<\/div>\n\t\t<\/div>\n\t\t\t\t\t<\/div>\n\t\t<\/section>\n\t\t\t\t<section class=\"elementor-section elementor-top-section elementor-element elementor-element-075b235 elementor-reverse-tablet elementor-reverse-mobile elementor-section-boxed elementor-section-height-default elementor-section-height-default\" data-id=\"075b235\" data-element_type=\"section\" data-e-type=\"section\">\n\t\t\t\t\t\t<div class=\"elementor-container elementor-column-gap-default\">\n\t\t\t\t\t<div class=\"elementor-column elementor-col-100 elementor-top-column elementor-element elementor-element-d9b631a\" data-id=\"d9b631a\" data-element_type=\"column\" data-e-type=\"column\">\n\t\t\t<div class=\"elementor-widget-wrap elementor-element-populated\">\n\t\t\t\t\t\t<div class=\"elementor-element elementor-element-f582a82 elementor-widget elementor-widget-heading\" data-id=\"f582a82\" data-element_type=\"widget\" data-e-type=\"widget\" data-widget_type=\"heading.default\">\n\t\t\t\t<div class=\"elementor-widget-container\">\n\t\t\t\t\t<span class=\"elementor-heading-title elementor-size-default\">Mentions L\u00e9gales : la Ferme de Monseignon<\/span>\t\t\t\t<\/div>\n\t\t\t\t<\/div>\n\t\t\t\t<div class=\"elementor-element elementor-element-6f4d7d4 elementor-widget elementor-widget-text-editor\" data-id=\"6f4d7d4\" data-element_type=\"widget\" data-e-type=\"widget\" data-widget_type=\"text-editor.default\">\n\t\t\t\t<div class=\"elementor-widget-container\">\n\t\t\t\t\t\t\t\t\t<p><strong>Raison sociale de la soci\u00e9t\u00e9 exploitante :<\/strong><br \/><strong>Email :\u00a0<\/strong>info@ferme-de-monseignon.com<br \/><strong>T\u00e9l\u00e9phone :\u00a0<\/strong>+33 (0)5 58 44 82 34<br \/><strong>Capital social :<\/strong><br \/><strong>Num\u00e9ro individuel d&rsquo;identification de TVA :<\/strong><br \/><strong>Num\u00e9ro de Siret :<br \/>Ce site est h\u00e9berg\u00e9 par : <\/strong>Group Dis 28, rue des Arts, 59800 Lille (03 20 09 11 68<strong>)<br \/><br \/><\/strong><\/p><p>En acc\u00e9dant \u00e0 ce site, vous \u00eates inform\u00e9s que l&rsquo;utilisation d&rsquo;Internet n\u00e9cessite le respect d&rsquo;un ensemble de l\u00e9gislations relatives notamment aux droits d&rsquo;auteur et \u00e0 la loi Informatique et Libert\u00e9. et ELIOPHOT, ne peuvent encourir de responsabilit\u00e9 du fait d&rsquo;erreurs ou d&rsquo;omissions, l&rsquo;\u00e9diteur se r\u00e9servant \u00e9galement le droit de modifier et d&rsquo;actualiser \u00e0 tout moment les donn\u00e9es du site.<\/p><h4>\u00a0<\/h4><h5>COPYRIGHT<\/h5><p>En application du Code Fran\u00e7ais de la Propri\u00e9t\u00e9 Intellectuelle (creditPhoto), la reproduction pour un usage autre que priv\u00e9, la vente, la diffusion, la publication, l&rsquo;adaptation ou la communication, partielles ou int\u00e9grales, des donn\u00e9es (pr\u00e9sentation, agencement du site, photos, textes et illustrations prot\u00e9g\u00e9s par le droit d&rsquo;auteur) sont strictement soumises \u00e0 l&rsquo;autorisation \u00e9crite et pr\u00e9alable des d\u00e9tenteurs des droits, de fait la soci\u00e9t\u00e9 ELIOPHOT.<\/p><h5>INFORMATIQUE ET LIBERT\u00c9<\/h5><p>Tout utilisateur ayant d\u00e9pos\u00e9 des informations directement ou indirectement nominatives dispose d&rsquo;un droit d&rsquo;acc\u00e8s et de rectification conform\u00e9ment \u00e0 la loi n\u00b0 7817 du 6\/01\/78 (Informatique et Libert\u00e9) aupr\u00e8s de l&rsquo;administrateur du site.<\/p>\t\t\t\t\t\t\t\t<\/div>\n\t\t\t\t<\/div>\n\t\t\t\t\t<\/div>\n\t\t<\/div>\n\t\t\t\t\t<\/div>\n\t\t<\/section>\n\t\t\t\t<section class=\"elementor-section elementor-top-section elementor-element elementor-element-e50d57a elementor-reverse-tablet elementor-reverse-mobile elementor-section-boxed elementor-section-height-default elementor-section-height-default\" data-id=\"e50d57a\" data-element_type=\"section\" data-e-type=\"section\">\n\t\t\t\t\t\t<div class=\"elementor-container elementor-column-gap-default\">\n\t\t\t\t\t<div class=\"elementor-column elementor-col-100 elementor-top-column elementor-element elementor-element-752ef76\" data-id=\"752ef76\" data-element_type=\"column\" data-e-type=\"column\">\n\t\t\t<div class=\"elementor-widget-wrap elementor-element-populated\">\n\t\t\t\t\t\t<div class=\"elementor-element elementor-element-e26a74e elementor-grid-3 elementor-grid-tablet-2 elementor-grid-mobile-1 elementor-widget elementor-widget-lbo\" data-id=\"e26a74e\" data-element_type=\"widget\" data-e-type=\"widget\" data-settings=\"{&quot;categories_filter&quot;:[&quot;page&quot;,&quot;core_rooms&quot;],&quot;cards_columns&quot;:&quot;3&quot;,&quot;cards_columns_tablet&quot;:&quot;2&quot;,&quot;cards_columns_mobile&quot;:&quot;1&quot;,&quot;row_gap&quot;:{&quot;unit&quot;:&quot;px&quot;,&quot;size&quot;:35,&quot;sizes&quot;:[]}}\" data-widget_type=\"lbo.default\">\n\t\t\t\t<div class=\"elementor-widget-container\">\n\t\t\t\t\t        <span\n            data-refresh-date=\"1773900193\"\n            data-refresh-rate=\"2190\"\n            data-refresh-step=\"7884000\"\n        ><\/span>\n        <div class=\"eliophot-lbo elementor-grid\">\n                    <div\n                class=\"eliophot-lbo__block elementor-grid-item\"\n                data-link=\"https:\/\/www.ferme-de-monseignon.com\/en\/chambres-et-gites\/gite-les-bruyeres\/\"\n            >\n                <div class=\"eliophot-lbo__container\">\n                    <div class=\"eliophot-lbo__col\">\n                        <div class=\"eliophot-lbo__row\">\n                                                            <div class=\"eliophot-lbo__picture_box\">\n                                                                            <img decoding=\"async\" alt=\"G\u00eete Les Bruy\u00e8res\" class=\"eliophot-lbo__picture\" src=\"https:\/\/www.ferme-de-monseignon.com\/wp-content\/uploads\/2022\/10\/gite-saint-julien-d-armagnac-les-bruyeres-landes-d-armagnac-ref-20113.jpg\" width=\"58\" height=\"58\" role=\"presentation\">\n                                                                                <div class=\"eliophot-lbo__link_backdrop\"><\/div>\n                                    <svg class=\"eliophot-lbo__link_icon\" xmlns=\"http:\/\/www.w3.org\/2000\/svg\" alt=\"G\u00eete Les Bruy\u00e8res\" aria-hidden=\"true\" role=\"img\" width=\"1em\" height=\"1em\" preserveAspectRatio=\"xMidYMid meet\" viewBox=\"0 0 512 512\">\n                                        <title>G\u00eete Les Bruy\u00e8res<\/title>\n                                        <path fill=\"currentColor\" d=\"M400 464H48V104h192V72H16v424h416V272h-32v192z\"\/>\n                                        <path fill=\"currentColor\" d=\"M304 16v32h137.373L188.687 300.687l22.626 22.626L464 70.627V208h32V16H304z\"\/>\n                                    <\/svg>\n                                <\/div>\n                                                        <div class=\"eliophot-lbo__content\">\n                                <div class=\"eliophot-lbo__title\">\n                                    <a href=\"https:\/\/www.ferme-de-monseignon.com\/en\/chambres-et-gites\/gite-les-bruyeres\/\" class=\"eliophot-lbo__link\">\n                                        <span class=\"eliophot-lbo__link_text\">G\u00eete Les Bruy\u00e8res<\/span>\n                                    <\/a>\n                                <\/div>\n                                                                <div class=\"eliophot-lbo__desc_block\">\n                                    <span class=\"eliophot-lbo__description\">Laissez-vous s\u00e9duire par le charme de cette propri\u00e9t\u00e9, lov\u00e9e au bout de ce chemin serpentant dans les pins au c\u0153ur d'un vaste parc d'un hectare, clos et arbor\u00e9 avec son authentique ferme \u00e0 colombage habit\u00e9e par les propri\u00e9taires et sa d\u00e9pendance dans laquelle ce G\u00eete de caract\u00e8re a \u00e9t\u00e9 nouvellement restaur\u00e9 dans un esprit chic\u2026<\/span>\n                                <\/div>\n                                                            <\/div>\n                        <\/div>\n                    <\/div>\n                <\/div>\n            <\/div>\n                        <div\n                class=\"eliophot-lbo__block elementor-grid-item\"\n                data-link=\"https:\/\/www.ferme-de-monseignon.com\/en\/acces-contact\/\"\n            >\n                <div class=\"eliophot-lbo__container\">\n                    <div class=\"eliophot-lbo__col\">\n                        <div class=\"eliophot-lbo__row\">\n                                                            <div class=\"eliophot-lbo__picture_box\">\n                                                                            <img decoding=\"async\" alt=\"Acc\u00e8s &amp; Contact\" class=\"eliophot-lbo__picture\" src=\"https:\/\/www.ferme-de-monseignon.com\/wp-content\/uploads\/2022\/10\/00-OUVERTURE.jpg\" width=\"58\" height=\"58\" role=\"presentation\">\n                                                                                <div class=\"eliophot-lbo__link_backdrop\"><\/div>\n                                    <svg class=\"eliophot-lbo__link_icon\" xmlns=\"http:\/\/www.w3.org\/2000\/svg\" alt=\"Acc\u00e8s &amp; Contact\" aria-hidden=\"true\" role=\"img\" width=\"1em\" height=\"1em\" preserveAspectRatio=\"xMidYMid meet\" viewBox=\"0 0 512 512\">\n                                        <title>Acc\u00e8s &amp; Contact<\/title>\n                                        <path fill=\"currentColor\" d=\"M400 464H48V104h192V72H16v424h416V272h-32v192z\"\/>\n                                        <path fill=\"currentColor\" d=\"M304 16v32h137.373L188.687 300.687l22.626 22.626L464 70.627V208h32V16H304z\"\/>\n                                    <\/svg>\n                                <\/div>\n                                                        <div class=\"eliophot-lbo__content\">\n                                <div class=\"eliophot-lbo__title\">\n                                    <a href=\"https:\/\/www.ferme-de-monseignon.com\/en\/acces-contact\/\" class=\"eliophot-lbo__link\">\n                                        <span class=\"eliophot-lbo__link_text\">Acc\u00e8s &amp; Contact<\/span>\n                                    <\/a>\n                                <\/div>\n                                                                <div class=\"eliophot-lbo__desc_block\">\n                                    <span class=\"eliophot-lbo__description\"><\/span>\n                                <\/div>\n                                                            <\/div>\n                        <\/div>\n                    <\/div>\n                <\/div>\n            <\/div>\n                        <div\n                class=\"eliophot-lbo__block elementor-grid-item\"\n                data-link=\"https:\/\/www.ferme-de-monseignon.com\/en\/chambres-et-gites\/gite-l-airial\/\"\n            >\n                <div class=\"eliophot-lbo__container\">\n                    <div class=\"eliophot-lbo__col\">\n                        <div class=\"eliophot-lbo__row\">\n                                                            <div class=\"eliophot-lbo__picture_box\">\n                                                                            <img decoding=\"async\" alt=\"G\u00eete L\u2019airial\" class=\"eliophot-lbo__picture\" src=\"https:\/\/www.ferme-de-monseignon.com\/wp-content\/uploads\/2022\/10\/gite-saint-julien-d-armagnac-l-airial-landes-d-armagnac-ref-20112.jpg\" width=\"58\" height=\"58\" role=\"presentation\">\n                                                                                <div class=\"eliophot-lbo__link_backdrop\"><\/div>\n                                    <svg class=\"eliophot-lbo__link_icon\" xmlns=\"http:\/\/www.w3.org\/2000\/svg\" alt=\"G\u00eete L\u2019airial\" aria-hidden=\"true\" role=\"img\" width=\"1em\" height=\"1em\" preserveAspectRatio=\"xMidYMid meet\" viewBox=\"0 0 512 512\">\n                                        <title>G\u00eete L\u2019airial<\/title>\n                                        <path fill=\"currentColor\" d=\"M400 464H48V104h192V72H16v424h416V272h-32v192z\"\/>\n                                        <path fill=\"currentColor\" d=\"M304 16v32h137.373L188.687 300.687l22.626 22.626L464 70.627V208h32V16H304z\"\/>\n                                    <\/svg>\n                                <\/div>\n                                                        <div class=\"eliophot-lbo__content\">\n                                <div class=\"eliophot-lbo__title\">\n                                    <a href=\"https:\/\/www.ferme-de-monseignon.com\/en\/chambres-et-gites\/gite-l-airial\/\" class=\"eliophot-lbo__link\">\n                                        <span class=\"eliophot-lbo__link_text\">G\u00eete L\u2019airial<\/span>\n                                    <\/a>\n                                <\/div>\n                                                                <div class=\"eliophot-lbo__desc_block\">\n                                    <span class=\"eliophot-lbo__description\">A la ferme de Monseignon se love ce G\u00eete-loft de caract\u00e8re, \u00e0 l'\u00e9tage de la d\u00e9pendance nouvellement r\u00e9nov\u00e9, dans un esprit zen ouvrant sur une belle terrasse en bois, surplombant le vaste parc clos aux ch\u00eanes s\u00e9culaires, au sein de la propri\u00e9t\u00e9 familiale, dans le territoire du Bas-Armagnac, entour\u00e9e de champs et de for\u00eats de\u2026<\/span>\n                                <\/div>\n                                                            <\/div>\n                        <\/div>\n                    <\/div>\n                <\/div>\n            <\/div>\n                        <div\n                class=\"eliophot-lbo__block elementor-grid-item\"\n                data-link=\"https:\/\/www.ferme-de-monseignon.com\/en\/nature-bien-etre\/\"\n            >\n                <div class=\"eliophot-lbo__container\">\n                    <div class=\"eliophot-lbo__col\">\n                        <div class=\"eliophot-lbo__row\">\n                                                            <div class=\"eliophot-lbo__picture_box\">\n                                                                            <img loading=\"lazy\" decoding=\"async\" alt=\"Nature et bien \u00eatre\" class=\"eliophot-lbo__picture\" src=\"https:\/\/www.ferme-de-monseignon.com\/wp-content\/uploads\/2022\/10\/piscine01-min-scaled.jpg\" width=\"58\" height=\"58\" role=\"presentation\">\n                                                                                <div class=\"eliophot-lbo__link_backdrop\"><\/div>\n                                    <svg class=\"eliophot-lbo__link_icon\" xmlns=\"http:\/\/www.w3.org\/2000\/svg\" alt=\"Nature et bien \u00eatre\" aria-hidden=\"true\" role=\"img\" width=\"1em\" height=\"1em\" preserveAspectRatio=\"xMidYMid meet\" viewBox=\"0 0 512 512\">\n                                        <title>Nature et bien \u00eatre<\/title>\n                                        <path fill=\"currentColor\" d=\"M400 464H48V104h192V72H16v424h416V272h-32v192z\"\/>\n                                        <path fill=\"currentColor\" d=\"M304 16v32h137.373L188.687 300.687l22.626 22.626L464 70.627V208h32V16H304z\"\/>\n                                    <\/svg>\n                                <\/div>\n                                                        <div class=\"eliophot-lbo__content\">\n                                <div class=\"eliophot-lbo__title\">\n                                    <a href=\"https:\/\/www.ferme-de-monseignon.com\/en\/nature-bien-etre\/\" class=\"eliophot-lbo__link\">\n                                        <span class=\"eliophot-lbo__link_text\">Nature et bien \u00eatre<\/span>\n                                    <\/a>\n                                <\/div>\n                                                                <div class=\"eliophot-lbo__desc_block\">\n                                    <span class=\"eliophot-lbo__description\"><\/span>\n                                <\/div>\n                                                            <\/div>\n                        <\/div>\n                    <\/div>\n                <\/div>\n            <\/div>\n                        <div\n                class=\"eliophot-lbo__block elementor-grid-item\"\n                data-link=\"https:\/\/www.ferme-de-monseignon.com\/en\/mentions-legales\/\"\n            >\n                <div class=\"eliophot-lbo__container\">\n                    <div class=\"eliophot-lbo__col\">\n                        <div class=\"eliophot-lbo__row\">\n                                                            <div class=\"eliophot-lbo__picture_box\">\n                                                                            <img loading=\"lazy\" decoding=\"async\" alt=\"Mentions l\u00e9gales\" class=\"eliophot-lbo__picture\" src=\"https:\/\/www.ferme-de-monseignon.com\/wp-content\/uploads\/2022\/10\/SuiteAirial09-min-scaled.jpg\" width=\"58\" height=\"58\" role=\"presentation\">\n                                                                                <div class=\"eliophot-lbo__link_backdrop\"><\/div>\n                                    <svg class=\"eliophot-lbo__link_icon\" xmlns=\"http:\/\/www.w3.org\/2000\/svg\" alt=\"Mentions l\u00e9gales\" aria-hidden=\"true\" role=\"img\" width=\"1em\" height=\"1em\" preserveAspectRatio=\"xMidYMid meet\" viewBox=\"0 0 512 512\">\n                                        <title>Mentions l\u00e9gales<\/title>\n                                        <path fill=\"currentColor\" d=\"M400 464H48V104h192V72H16v424h416V272h-32v192z\"\/>\n                                        <path fill=\"currentColor\" d=\"M304 16v32h137.373L188.687 300.687l22.626 22.626L464 70.627V208h32V16H304z\"\/>\n                                    <\/svg>\n                                <\/div>\n                                                        <div class=\"eliophot-lbo__content\">\n                                <div class=\"eliophot-lbo__title\">\n                                    <a href=\"https:\/\/www.ferme-de-monseignon.com\/en\/mentions-legales\/\" class=\"eliophot-lbo__link\">\n                                        <span class=\"eliophot-lbo__link_text\">Mentions l\u00e9gales<\/span>\n                                    <\/a>\n                                <\/div>\n                                                                <div class=\"eliophot-lbo__desc_block\">\n                                    <span class=\"eliophot-lbo__description\"><\/span>\n                                <\/div>\n                                                            <\/div>\n                        <\/div>\n                    <\/div>\n                <\/div>\n            <\/div>\n                        <div\n                class=\"eliophot-lbo__block elementor-grid-item\"\n                data-link=\"https:\/\/www.ferme-de-monseignon.com\/en\/chambres-et-gites\/\"\n            >\n                <div class=\"eliophot-lbo__container\">\n                    <div class=\"eliophot-lbo__col\">\n                        <div class=\"eliophot-lbo__row\">\n                                                            <div class=\"eliophot-lbo__picture_box\">\n                                                                            <img loading=\"lazy\" decoding=\"async\" alt=\"G\u00eetes\" class=\"eliophot-lbo__picture\" src=\"https:\/\/www.ferme-de-monseignon.com\/wp-content\/uploads\/2022\/10\/SuiteLesBruyeres01-min-scaled.jpg\" width=\"58\" height=\"58\" role=\"presentation\">\n                                                                                <div class=\"eliophot-lbo__link_backdrop\"><\/div>\n                                    <svg class=\"eliophot-lbo__link_icon\" xmlns=\"http:\/\/www.w3.org\/2000\/svg\" alt=\"G\u00eetes\" aria-hidden=\"true\" role=\"img\" width=\"1em\" height=\"1em\" preserveAspectRatio=\"xMidYMid meet\" viewBox=\"0 0 512 512\">\n                                        <title>G\u00eetes<\/title>\n                                        <path fill=\"currentColor\" d=\"M400 464H48V104h192V72H16v424h416V272h-32v192z\"\/>\n                                        <path fill=\"currentColor\" d=\"M304 16v32h137.373L188.687 300.687l22.626 22.626L464 70.627V208h32V16H304z\"\/>\n                                    <\/svg>\n                                <\/div>\n                                                        <div class=\"eliophot-lbo__content\">\n                                <div class=\"eliophot-lbo__title\">\n                                    <a href=\"https:\/\/www.ferme-de-monseignon.com\/en\/chambres-et-gites\/\" class=\"eliophot-lbo__link\">\n                                        <span class=\"eliophot-lbo__link_text\">G\u00eetes<\/span>\n                                    <\/a>\n                                <\/div>\n                                                                <div class=\"eliophot-lbo__desc_block\">\n                                    <span class=\"eliophot-lbo__description\">Ceci est une description<\/span>\n                                <\/div>\n                                                            <\/div>\n                        <\/div>\n                    <\/div>\n                <\/div>\n            <\/div>\n                    <\/div>\n        \t\t\t\t<\/div>\n\t\t\t\t<\/div>\n\t\t\t\t\t<\/div>\n\t\t<\/div>\n\t\t\t\t\t<\/div>\n\t\t<\/section>\n\t\t\t\t<\/div>\n\t\t","protected":false},"excerpt":{"rendered":"<p>Mentions L\u00e9gales : la Ferme de Monseignon Raison sociale de la soci\u00e9t\u00e9 exploitante :Email :\u00a0info@ferme-de-monseignon.comT\u00e9l\u00e9phone :\u00a0+33 (0)5 58 44 82 34Capital social :Num\u00e9ro individuel d&rsquo;identification de TVA :Num\u00e9ro de Siret :Ce site est h\u00e9berg\u00e9 par : Group Dis 28, rue des Arts, 59800 Lille (03 20 09 11 68) En acc\u00e9dant \u00e0 ce site, vous [&hellip;]<\/p>\n","protected":false},"author":11,"featured_media":3468,"parent":0,"menu_order":0,"comment_status":"closed","ping_status":"closed","template":"","meta":{"inline_featured_image":false,"footnotes":""},"class_list":["post-193","page","type-page","status-publish","has-post-thumbnail","hentry"],"_links":{"self":[{"href":"https:\/\/www.ferme-de-monseignon.com\/en\/wp-json\/wp\/v2\/pages\/193","targetHints":{"allow":["GET"]}}],"collection":[{"href":"https:\/\/www.ferme-de-monseignon.com\/en\/wp-json\/wp\/v2\/pages"}],"about":[{"href":"https:\/\/www.ferme-de-monseignon.com\/en\/wp-json\/wp\/v2\/types\/page"}],"author":[{"embeddable":true,"href":"https:\/\/www.ferme-de-monseignon.com\/en\/wp-json\/wp\/v2\/users\/11"}],"replies":[{"embeddable":true,"href":"https:\/\/www.ferme-de-monseignon.com\/en\/wp-json\/wp\/v2\/comments?post=193"}],"version-history":[{"count":59,"href":"https:\/\/www.ferme-de-monseignon.com\/en\/wp-json\/wp\/v2\/pages\/193\/revisions"}],"predecessor-version":[{"id":3953,"href":"https:\/\/www.ferme-de-monseignon.com\/en\/wp-json\/wp\/v2\/pages\/193\/revisions\/3953"}],"wp:featuredmedia":[{"embeddable":true,"href":"https:\/\/www.ferme-de-monseignon.com\/en\/wp-json\/wp\/v2\/media\/3468"}],"wp:attachment":[{"href":"https:\/\/www.ferme-de-monseignon.com\/en\/wp-json\/wp\/v2\/media?parent=193"}],"curies":[{"name":"wp","href":"https:\/\/api.w.org\/{rel}","templated":true}]}}